{"id":6397,"date":"2020-07-06T14:23:41","date_gmt":"2020-07-06T14:23:41","guid":{"rendered":"https:\/\/www.voxelgroup.net\/case-studies\/?page_id=6397"},"modified":"2022-08-01T14:40:31","modified_gmt":"2022-08-01T14:40:31","slug":"bavel-travel-ca","status":"publish","type":"page","link":"https:\/\/www.voxelgroup.net\/case-studies\/ca\/bavel-travel-ca\/","title":{"rendered":"Bavel Travel"},"content":{"rendered":"\t\t<div data-elementor-type=\"wp-page\" data-elementor-id=\"6397\" class=\"elementor elementor-6397\">\n\t\t\t\t\t\t<section class=\"elementor-section elementor-top-section elementor-element elementor-element-318d7980 elementor-section-full_width elementor-section-height-default elementor-section-height-default\" data-id=\"318d7980\" data-element_type=\"section\" data-e-type=\"section\" id=\"travel\" data-settings=\"{&quot;background_background&quot;:&quot;classic&quot;}\">\n\t\t\t\t\t\t<div class=\"elementor-container elementor-column-gap-default\">\n\t\t\t\t\t<div class=\"elementor-column elementor-col-100 elementor-top-column elementor-element elementor-element-24e00497\" data-id=\"24e00497\" data-element_type=\"column\" data-e-type=\"column\">\n\t\t\t<div class=\"elementor-widget-wrap elementor-element-populated\">\n\t\t\t\t\t\t<div class=\"elementor-element elementor-element-3cd404f8 title-copy elementor-widget elementor-widget-heading\" data-id=\"3cd404f8\" data-element_type=\"widget\" data-e-type=\"widget\" data-widget_type=\"heading.default\">\n\t\t\t\t<div class=\"elementor-widget-container\">\n\t\t\t\t\t<h1 class=\"elementor-heading-title elementor-size-default\">Casos d'\u00e8xit Bavel Travel<\/h1>\t\t\t\t<\/div>\n\t\t\t\t<\/div>\n\t\t\t\t<div class=\"elementor-element elementor-element-3058f399 subtitle-header elementor-widget elementor-widget-heading\" data-id=\"3058f399\" data-element_type=\"widget\" data-e-type=\"widget\" data-widget_type=\"heading.default\">\n\t\t\t\t<div class=\"elementor-widget-container\">\n\t\t\t\t\t<h2 class=\"elementor-heading-title elementor-size-default\">Automatitzaci\u00f3 dels processos de back-office: facturaci\u00f3 i pagaments B2B<\/h2>\t\t\t\t<\/div>\n\t\t\t\t<\/div>\n\t\t\t\t\t<\/div>\n\t\t<\/div>\n\t\t\t\t\t<\/div>\n\t\t<\/section>\n\t\t\t\t<section class=\"elementor-section elementor-top-section elementor-element elementor-element-36311a40 elementor-section-stretched elementor-section-boxed elementor-section-height-default elementor-section-height-default\" data-id=\"36311a40\" data-element_type=\"section\" data-e-type=\"section\" data-settings=\"{&quot;stretch_section&quot;:&quot;section-stretched&quot;}\">\n\t\t\t\t\t\t<div class=\"elementor-container elementor-column-gap-default\">\n\t\t\t\t\t<div class=\"elementor-column elementor-col-100 elementor-top-column elementor-element elementor-element-4b19daa2\" data-id=\"4b19daa2\" data-element_type=\"column\" data-e-type=\"column\">\n\t\t\t<div class=\"elementor-widget-wrap elementor-element-populated\">\n\t\t\t\t\t\t<div class=\"elementor-element elementor-element-7de971a9 elementor-widget elementor-widget-html\" data-id=\"7de971a9\" data-element_type=\"widget\" data-e-type=\"widget\" data-widget_type=\"html.default\">\n\t\t\t\t<div class=\"elementor-widget-container\">\n\t\t\t\t\t<style>.wp-show-posts-columns#wpsp-6352 {margin-left: -2em; }.wp-show-posts-columns#wpsp-6352 .wp-show-posts-inner {margin: 0 0 2em 2em; }<\/style><section id=\"wpsp-6352\" class=\" wp-show-posts\" style=\"\"><p>Lo siento, no se han encontrado publicaciones.<\/p>\n<\/section><!-- .wp-show-posts -->\t\t\t\t<\/div>\n\t\t\t\t<\/div>\n\t\t\t\t\t<\/div>\n\t\t<\/div>\n\t\t\t\t\t<\/div>\n\t\t<\/section>\n\t\t\t\t<section class=\"elementor-section elementor-top-section elementor-element elementor-element-ad5ebef elementor-section-boxed elementor-section-height-default elementor-section-height-default\" data-id=\"ad5ebef\" data-element_type=\"section\" data-e-type=\"section\" data-settings=\"{&quot;background_background&quot;:&quot;classic&quot;}\">\n\t\t\t\t\t\t<div class=\"elementor-container elementor-column-gap-default\">\n\t\t\t\t\t<div class=\"elementor-column elementor-col-100 elementor-top-column elementor-element elementor-element-9b2e3fd\" data-id=\"9b2e3fd\" data-element_type=\"column\" data-e-type=\"column\">\n\t\t\t<div class=\"elementor-widget-wrap elementor-element-populated\">\n\t\t\t\t\t\t<div class=\"elementor-element elementor-element-ee67bef elementor-widget elementor-widget-heading\" data-id=\"ee67bef\" data-element_type=\"widget\" data-e-type=\"widget\" data-widget_type=\"heading.default\">\n\t\t\t\t<div class=\"elementor-widget-container\">\n\t\t\t\t\t<h2 class=\"elementor-heading-title elementor-size-default\">Veure altres casos d'\u00e8xit<\/h2>\t\t\t\t<\/div>\n\t\t\t\t<\/div>\n\t\t\t\t\t<\/div>\n\t\t<\/div>\n\t\t\t\t\t<\/div>\n\t\t<\/section>\n\t\t\t\t<section class=\"elementor-section elementor-top-section elementor-element elementor-element-23b2c0c elementor-section-stretched elementor-section-boxed elementor-section-height-default elementor-section-height-default\" data-id=\"23b2c0c\" data-element_type=\"section\" data-e-type=\"section\" data-settings=\"{&quot;stretch_section&quot;:&quot;section-stretched&quot;,&quot;background_background&quot;:&quot;classic&quot;}\">\n\t\t\t\t\t\t<div class=\"elementor-container elementor-column-gap-default\">\n\t\t\t\t\t<div class=\"elementor-column elementor-col-100 elementor-top-column elementor-element elementor-element-ddef947\" data-id=\"ddef947\" data-element_type=\"column\" data-e-type=\"column\">\n\t\t\t<div class=\"elementor-widget-wrap elementor-element-populated\">\n\t\t\t\t\t\t<div class=\"elementor-element elementor-element-e35a4a4 elementor-widget elementor-widget-shortcode\" data-id=\"e35a4a4\" data-element_type=\"widget\" data-e-type=\"widget\" data-widget_type=\"shortcode.default\">\n\t\t\t\t<div class=\"elementor-widget-container\">\n\t\t\t\t\t\t\t<div class=\"elementor-shortcode\"><li class='cat-item-all'><a href='https:\/\/www.voxelgroup.net\/case-studies\/'>Tots<\/a><\/li>\t<li class=\"cat-item cat-item-2\"><a href=\"https:\/\/www.voxelgroup.net\/case-studies\/turismo\/\">Turismo<\/a>\n<\/li>\n\t<li class=\"cat-item cat-item-59\"><a href=\"https:\/\/www.voxelgroup.net\/case-studies\/en\/travel-en\/\">Travel<\/a>\n<\/li>\n\t<li class=\"cat-item cat-item-55\"><a href=\"https:\/\/www.voxelgroup.net\/case-studies\/horeca\/\">Horeca<\/a>\n<\/li>\n\t<li class=\"cat-item cat-item-64\"><a href=\"https:\/\/www.voxelgroup.net\/case-studies\/en\/food-hospitality\/\">Food &amp; Hospitality<\/a>\n<\/li>\n\t<li class=\"cat-item cat-item-66\"><a href=\"https:\/\/www.voxelgroup.net\/case-studies\/ca\/horeca-ca\/\">Horeca<\/a>\n<\/li>\n\t<li class=\"cat-item cat-item-68\"><a href=\"https:\/\/www.voxelgroup.net\/case-studies\/retail\/\">Retail<\/a>\n<\/li>\n\t<li class=\"cat-item cat-item-70\"><a href=\"https:\/\/www.voxelgroup.net\/case-studies\/en\/retail-en\/\">Retail<\/a>\n<\/li>\n\t<li class=\"cat-item cat-item-72\"><a href=\"https:\/\/www.voxelgroup.net\/case-studies\/ca\/retail-ca\/\">Retail<\/a>\n<\/li>\n\t<li class=\"cat-item cat-item-166\"><a href=\"https:\/\/www.voxelgroup.net\/case-studies\/monograficos\/\">Monogr\u00e1ficos<\/a>\n<\/li>\n\t<li class=\"cat-item cat-item-174\"><a href=\"https:\/\/www.voxelgroup.net\/case-studies\/en\/whitepapers\/\">Whitepapers<\/a>\n<\/li>\n\t<li class=\"cat-item cat-item-194\"><a href=\"https:\/\/www.voxelgroup.net\/case-studies\/fr\/facture-electronique\/\">facture \u00e9lectronique<\/a>\n<\/li>\n<\/div>\n\t\t\t\t\t\t<\/div>\n\t\t\t\t<\/div>\n\t\t\t\t\t<\/div>\n\t\t<\/div>\n\t\t\t\t\t<\/div>\n\t\t<\/section>\n\t\t\t\t<\/div>\n\t\t","protected":false},"excerpt":{"rendered":"<p>Casos d&#8217;\u00e8xit Bavel Travel Automatitzaci\u00f3 dels processos de back-office: facturaci\u00f3 i pagaments B2B Veure altres casos d&#8217;\u00e8xit<\/p>\n","protected":false},"author":1,"featured_media":0,"parent":0,"menu_order":0,"comment_status":"closed","ping_status":"closed","template":"elementor_header_footer","meta":{"_sitemap_exclude":false,"_sitemap_priority":"","_sitemap_frequency":"","footnotes":""},"class_list":["post-6397","page","type-page","status-publish"],"yoast_head":"<!-- This site is optimized with the Yoast SEO plugin v27.5 - https:\/\/yoast.com\/product\/yoast-seo-wordpress\/ -->\n<title>Bavel Travel - Case Studies<\/title>\n<meta name=\"description\" content=\"Casos d&#039;\u00e8xit Bavel Travel: coneix la transformaci\u00f3 digital dels processos de facturaci\u00f3 de les empreses tur\u00edstiques l\u00edder en l&#039;\u00e0mbit internacional.\" \/>\n<meta name=\"robots\" content=\"index, follow, max-snippet:-1, max-image-preview:large, max-video-preview:-1\" \/>\n<link rel=\"canonical\" href=\"https:\/\/www.voxelgroup.net\/case-studies\/ca\/bavel-travel-ca\/\" \/>\n<meta property=\"og:locale\" content=\"es_ES\" \/>\n<meta property=\"og:type\" content=\"article\" \/>\n<meta property=\"og:title\" content=\"Bavel Travel - Case Studies\" \/>\n<meta property=\"og:description\" content=\"Casos d&#039;\u00e8xit Bavel Travel: coneix la transformaci\u00f3 digital dels processos de facturaci\u00f3 de les empreses tur\u00edstiques l\u00edder en l&#039;\u00e0mbit internacional.\" \/>\n<meta property=\"og:url\" content=\"https:\/\/www.voxelgroup.net\/case-studies\/ca\/bavel-travel-ca\/\" \/>\n<meta property=\"og:site_name\" content=\"Case Studies\" \/>\n<meta property=\"article:modified_time\" content=\"2022-08-01T14:40:31+00:00\" \/>\n<meta name=\"twitter:card\" content=\"summary_large_image\" \/>\n<meta name=\"twitter:label1\" content=\"Tiempo de lectura\" \/>\n\t<meta name=\"twitter:data1\" content=\"1 minuto\" \/>\n<script type=\"application\/ld+json\" class=\"yoast-schema-graph\">{\"@context\":\"https:\\\/\\\/schema.org\",\"@graph\":[{\"@type\":\"WebPage\",\"@id\":\"https:\\\/\\\/www.voxelgroup.net\\\/case-studies\\\/ca\\\/bavel-travel-ca\\\/\",\"url\":\"https:\\\/\\\/www.voxelgroup.net\\\/case-studies\\\/ca\\\/bavel-travel-ca\\\/\",\"name\":\"Bavel Travel - Case Studies\",\"isPartOf\":{\"@id\":\"https:\\\/\\\/www.voxelgroup.net\\\/case-studies\\\/#website\"},\"datePublished\":\"2020-07-06T14:23:41+00:00\",\"dateModified\":\"2022-08-01T14:40:31+00:00\",\"description\":\"Casos d'\u00e8xit Bavel Travel: coneix la transformaci\u00f3 digital dels processos de facturaci\u00f3 de les empreses tur\u00edstiques l\u00edder en l'\u00e0mbit internacional.\",\"breadcrumb\":{\"@id\":\"https:\\\/\\\/www.voxelgroup.net\\\/case-studies\\\/ca\\\/bavel-travel-ca\\\/#breadcrumb\"},\"inLanguage\":\"es\",\"potentialAction\":[{\"@type\":\"ReadAction\",\"target\":[\"https:\\\/\\\/www.voxelgroup.net\\\/case-studies\\\/ca\\\/bavel-travel-ca\\\/\"]}]},{\"@type\":\"BreadcrumbList\",\"@id\":\"https:\\\/\\\/www.voxelgroup.net\\\/case-studies\\\/ca\\\/bavel-travel-ca\\\/#breadcrumb\",\"itemListElement\":[{\"@type\":\"ListItem\",\"position\":1,\"name\":\"Portada\",\"item\":\"https:\\\/\\\/www.voxelgroup.net\\\/case-studies\\\/\"},{\"@type\":\"ListItem\",\"position\":2,\"name\":\"Bavel Travel\"}]},{\"@type\":\"WebSite\",\"@id\":\"https:\\\/\\\/www.voxelgroup.net\\\/case-studies\\\/#website\",\"url\":\"https:\\\/\\\/www.voxelgroup.net\\\/case-studies\\\/\",\"name\":\"Case Studies\",\"description\":\"\",\"potentialAction\":[{\"@type\":\"SearchAction\",\"target\":{\"@type\":\"EntryPoint\",\"urlTemplate\":\"https:\\\/\\\/www.voxelgroup.net\\\/case-studies\\\/?s={search_term_string}\"},\"query-input\":{\"@type\":\"PropertyValueSpecification\",\"valueRequired\":true,\"valueName\":\"search_term_string\"}}],\"inLanguage\":\"es\"}]}<\/script>\n<!-- \/ Yoast SEO plugin. -->","yoast_head_json":{"title":"Bavel Travel - Case Studies","description":"Casos d'\u00e8xit Bavel Travel: coneix la transformaci\u00f3 digital dels processos de facturaci\u00f3 de les empreses tur\u00edstiques l\u00edder en l'\u00e0mbit internacional.","robots":{"index":"index","follow":"follow","max-snippet":"max-snippet:-1","max-image-preview":"max-image-preview:large","max-video-preview":"max-video-preview:-1"},"canonical":"https:\/\/www.voxelgroup.net\/case-studies\/ca\/bavel-travel-ca\/","og_locale":"es_ES","og_type":"article","og_title":"Bavel Travel - Case Studies","og_description":"Casos d'\u00e8xit Bavel Travel: coneix la transformaci\u00f3 digital dels processos de facturaci\u00f3 de les empreses tur\u00edstiques l\u00edder en l'\u00e0mbit internacional.","og_url":"https:\/\/www.voxelgroup.net\/case-studies\/ca\/bavel-travel-ca\/","og_site_name":"Case Studies","article_modified_time":"2022-08-01T14:40:31+00:00","twitter_card":"summary_large_image","twitter_misc":{"Tiempo de lectura":"1 minuto"},"schema":{"@context":"https:\/\/schema.org","@graph":[{"@type":"WebPage","@id":"https:\/\/www.voxelgroup.net\/case-studies\/ca\/bavel-travel-ca\/","url":"https:\/\/www.voxelgroup.net\/case-studies\/ca\/bavel-travel-ca\/","name":"Bavel Travel - Case Studies","isPartOf":{"@id":"https:\/\/www.voxelgroup.net\/case-studies\/#website"},"datePublished":"2020-07-06T14:23:41+00:00","dateModified":"2022-08-01T14:40:31+00:00","description":"Casos d'\u00e8xit Bavel Travel: coneix la transformaci\u00f3 digital dels processos de facturaci\u00f3 de les empreses tur\u00edstiques l\u00edder en l'\u00e0mbit internacional.","breadcrumb":{"@id":"https:\/\/www.voxelgroup.net\/case-studies\/ca\/bavel-travel-ca\/#breadcrumb"},"inLanguage":"es","potentialAction":[{"@type":"ReadAction","target":["https:\/\/www.voxelgroup.net\/case-studies\/ca\/bavel-travel-ca\/"]}]},{"@type":"BreadcrumbList","@id":"https:\/\/www.voxelgroup.net\/case-studies\/ca\/bavel-travel-ca\/#breadcrumb","itemListElement":[{"@type":"ListItem","position":1,"name":"Portada","item":"https:\/\/www.voxelgroup.net\/case-studies\/"},{"@type":"ListItem","position":2,"name":"Bavel Travel"}]},{"@type":"WebSite","@id":"https:\/\/www.voxelgroup.net\/case-studies\/#website","url":"https:\/\/www.voxelgroup.net\/case-studies\/","name":"Case Studies","description":"","potentialAction":[{"@type":"SearchAction","target":{"@type":"EntryPoint","urlTemplate":"https:\/\/www.voxelgroup.net\/case-studies\/?s={search_term_string}"},"query-input":{"@type":"PropertyValueSpecification","valueRequired":true,"valueName":"search_term_string"}}],"inLanguage":"es"}]}},"_links":{"self":[{"href":"https:\/\/www.voxelgroup.net\/case-studies\/wp-json\/wp\/v2\/pages\/6397","targetHints":{"allow":["GET"]}}],"collection":[{"href":"https:\/\/www.voxelgroup.net\/case-studies\/wp-json\/wp\/v2\/pages"}],"about":[{"href":"https:\/\/www.voxelgroup.net\/case-studies\/wp-json\/wp\/v2\/types\/page"}],"author":[{"embeddable":true,"href":"https:\/\/www.voxelgroup.net\/case-studies\/wp-json\/wp\/v2\/users\/1"}],"replies":[{"embeddable":true,"href":"https:\/\/www.voxelgroup.net\/case-studies\/wp-json\/wp\/v2\/comments?post=6397"}],"version-history":[{"count":0,"href":"https:\/\/www.voxelgroup.net\/case-studies\/wp-json\/wp\/v2\/pages\/6397\/revisions"}],"wp:attachment":[{"href":"https:\/\/www.voxelgroup.net\/case-studies\/wp-json\/wp\/v2\/media?parent=6397"}],"curies":[{"name":"wp","href":"https:\/\/api.w.org\/{rel}","templated":true}]}}