{"id":6423,"date":"2020-07-08T07:30:23","date_gmt":"2020-07-08T07:30:23","guid":{"rendered":"https:\/\/www.voxelgroup.net\/case-studies\/?page_id=6423"},"modified":"2022-08-01T14:58:41","modified_gmt":"2022-08-01T14:58:41","slug":"bavel-procurement-ca","status":"publish","type":"page","link":"https:\/\/www.voxelgroup.net\/case-studies\/ca\/bavel-procurement-ca\/","title":{"rendered":"Bavel Procurement ca"},"content":{"rendered":"\t\t<div data-elementor-type=\"wp-page\" data-elementor-id=\"6423\" class=\"elementor elementor-6423\">\n\t\t\t\t\t\t<section class=\"elementor-section elementor-top-section elementor-element elementor-element-eee1d5e elementor-section-full_width elementor-section-height-default elementor-section-height-default\" data-id=\"eee1d5e\" data-element_type=\"section\" data-e-type=\"section\" id=\"procurement\" data-settings=\"{&quot;background_background&quot;:&quot;classic&quot;}\">\n\t\t\t\t\t\t<div class=\"elementor-container elementor-column-gap-default\">\n\t\t\t\t\t<div class=\"elementor-column elementor-col-100 elementor-top-column elementor-element elementor-element-333e570f\" data-id=\"333e570f\" data-element_type=\"column\" data-e-type=\"column\">\n\t\t\t<div class=\"elementor-widget-wrap elementor-element-populated\">\n\t\t\t\t\t\t<div class=\"elementor-element elementor-element-8001019 title-copy elementor-widget elementor-widget-heading\" data-id=\"8001019\" data-element_type=\"widget\" data-e-type=\"widget\" data-widget_type=\"heading.default\">\n\t\t\t\t<div class=\"elementor-widget-container\">\n\t\t\t\t\t<h1 class=\"elementor-heading-title elementor-size-default\">Casos d'\u00e8xit Bavel Procurement<\/h1>\t\t\t\t<\/div>\n\t\t\t\t<\/div>\n\t\t\t\t<div class=\"elementor-element elementor-element-5c6b2123 subtitle-header elementor-widget elementor-widget-heading\" data-id=\"5c6b2123\" data-element_type=\"widget\" data-e-type=\"widget\" data-widget_type=\"heading.default\">\n\t\t\t\t<div class=\"elementor-widget-container\">\n\t\t\t\t\t<h2 class=\"elementor-heading-title elementor-size-default\">Digitalitzaci\u00f3 i automatitzaci\u00f3 de la cadena d'aprovisionament de principi a fi<\/h2>\t\t\t\t<\/div>\n\t\t\t\t<\/div>\n\t\t\t\t\t<\/div>\n\t\t<\/div>\n\t\t\t\t\t<\/div>\n\t\t<\/section>\n\t\t\t\t<section class=\"elementor-section elementor-top-section elementor-element elementor-element-f36c129 elementor-section-stretched elementor-section-boxed elementor-section-height-default elementor-section-height-default\" data-id=\"f36c129\" data-element_type=\"section\" data-e-type=\"section\" data-settings=\"{&quot;stretch_section&quot;:&quot;section-stretched&quot;}\">\n\t\t\t\t\t\t<div class=\"elementor-container elementor-column-gap-default\">\n\t\t\t\t\t<div class=\"elementor-column elementor-col-100 elementor-top-column elementor-element elementor-element-3b7af32\" data-id=\"3b7af32\" data-element_type=\"column\" data-e-type=\"column\">\n\t\t\t<div class=\"elementor-widget-wrap elementor-element-populated\">\n\t\t\t\t\t\t<div class=\"elementor-element elementor-element-260178de elementor-widget elementor-widget-html\" data-id=\"260178de\" data-element_type=\"widget\" data-e-type=\"widget\" data-widget_type=\"html.default\">\n\t\t\t\t<div class=\"elementor-widget-container\">\n\t\t\t\t\t<style>.wp-show-posts-columns#wpsp-6418 {margin-left: -2em; }.wp-show-posts-columns#wpsp-6418 .wp-show-posts-inner {margin: 0 0 2em 2em; }<\/style><section id=\"wpsp-6418\" class=\" wp-show-posts\" style=\"\"><p>Lo siento, no se han encontrado publicaciones.<\/p>\n<\/section><!-- .wp-show-posts -->\t\t\t\t<\/div>\n\t\t\t\t<\/div>\n\t\t\t\t\t<\/div>\n\t\t<\/div>\n\t\t\t\t\t<\/div>\n\t\t<\/section>\n\t\t\t\t<section class=\"elementor-section elementor-top-section elementor-element elementor-element-cac4485 elementor-section-boxed elementor-section-height-default elementor-section-height-default\" data-id=\"cac4485\" data-element_type=\"section\" data-e-type=\"section\" data-settings=\"{&quot;background_background&quot;:&quot;classic&quot;}\">\n\t\t\t\t\t\t<div class=\"elementor-container elementor-column-gap-default\">\n\t\t\t\t\t<div class=\"elementor-column elementor-col-100 elementor-top-column elementor-element elementor-element-39da78a\" data-id=\"39da78a\" data-element_type=\"column\" data-e-type=\"column\">\n\t\t\t<div class=\"elementor-widget-wrap elementor-element-populated\">\n\t\t\t\t\t\t<div class=\"elementor-element elementor-element-44b18ad elementor-widget elementor-widget-heading\" data-id=\"44b18ad\" data-element_type=\"widget\" data-e-type=\"widget\" data-widget_type=\"heading.default\">\n\t\t\t\t<div class=\"elementor-widget-container\">\n\t\t\t\t\t<h2 class=\"elementor-heading-title elementor-size-default\">Veure altres casos d'\u00e8xit<\/h2>\t\t\t\t<\/div>\n\t\t\t\t<\/div>\n\t\t\t\t\t<\/div>\n\t\t<\/div>\n\t\t\t\t\t<\/div>\n\t\t<\/section>\n\t\t\t\t<section class=\"elementor-section elementor-top-section elementor-element elementor-element-0973f68 elementor-section-boxed elementor-section-height-default elementor-section-height-default\" data-id=\"0973f68\" data-element_type=\"section\" data-e-type=\"section\" data-settings=\"{&quot;background_background&quot;:&quot;classic&quot;}\">\n\t\t\t\t\t\t<div class=\"elementor-container elementor-column-gap-default\">\n\t\t\t\t\t<div class=\"elementor-column elementor-col-100 elementor-top-column elementor-element elementor-element-312d69a\" data-id=\"312d69a\" data-element_type=\"column\" data-e-type=\"column\">\n\t\t\t<div class=\"elementor-widget-wrap elementor-element-populated\">\n\t\t\t\t\t\t<div class=\"elementor-element elementor-element-a478d9f elementor-widget elementor-widget-shortcode\" data-id=\"a478d9f\" data-element_type=\"widget\" data-e-type=\"widget\" data-widget_type=\"shortcode.default\">\n\t\t\t\t<div class=\"elementor-widget-container\">\n\t\t\t\t\t\t\t<div class=\"elementor-shortcode\"><li class='cat-item-all'><a href='https:\/\/www.voxelgroup.net\/case-studies\/'>Tots<\/a><\/li>\t<li class=\"cat-item cat-item-2\"><a href=\"https:\/\/www.voxelgroup.net\/case-studies\/turismo\/\">Turismo<\/a>\n<\/li>\n\t<li class=\"cat-item cat-item-59\"><a href=\"https:\/\/www.voxelgroup.net\/case-studies\/en\/travel-en\/\">Travel<\/a>\n<\/li>\n\t<li class=\"cat-item cat-item-61\"><a href=\"https:\/\/www.voxelgroup.net\/case-studies\/ca\/turisme-ca\/\">Turisme<\/a>\n<\/li>\n\t<li class=\"cat-item cat-item-55\"><a href=\"https:\/\/www.voxelgroup.net\/case-studies\/horeca\/\">Horeca<\/a>\n<\/li>\n\t<li class=\"cat-item cat-item-64\"><a href=\"https:\/\/www.voxelgroup.net\/case-studies\/en\/food-hospitality\/\">Food &amp; Hospitality<\/a>\n<\/li>\n\t<li class=\"cat-item cat-item-68\"><a href=\"https:\/\/www.voxelgroup.net\/case-studies\/retail\/\">Retail<\/a>\n<\/li>\n\t<li class=\"cat-item cat-item-70\"><a href=\"https:\/\/www.voxelgroup.net\/case-studies\/en\/retail-en\/\">Retail<\/a>\n<\/li>\n\t<li class=\"cat-item cat-item-72\"><a href=\"https:\/\/www.voxelgroup.net\/case-studies\/ca\/retail-ca\/\">Retail<\/a>\n<\/li>\n\t<li class=\"cat-item cat-item-166\"><a href=\"https:\/\/www.voxelgroup.net\/case-studies\/monograficos\/\">Monogr\u00e1ficos<\/a>\n<\/li>\n\t<li class=\"cat-item cat-item-174\"><a href=\"https:\/\/www.voxelgroup.net\/case-studies\/en\/whitepapers\/\">Whitepapers<\/a>\n<\/li>\n\t<li class=\"cat-item cat-item-194\"><a href=\"https:\/\/www.voxelgroup.net\/case-studies\/fr\/facture-electronique\/\">facture \u00e9lectronique<\/a>\n<\/li>\n<\/div>\n\t\t\t\t\t\t<\/div>\n\t\t\t\t<\/div>\n\t\t\t\t\t<\/div>\n\t\t<\/div>\n\t\t\t\t\t<\/div>\n\t\t<\/section>\n\t\t\t\t<\/div>\n\t\t","protected":false},"excerpt":{"rendered":"<p>Casos d&#8217;\u00e8xit Bavel Procurement Digitalitzaci\u00f3 i automatitzaci\u00f3 de la cadena d&#8217;aprovisionament de principi a fi Veure altres casos d&#8217;\u00e8xit<\/p>\n","protected":false},"author":1,"featured_media":0,"parent":0,"menu_order":0,"comment_status":"closed","ping_status":"closed","template":"","meta":{"_sitemap_exclude":false,"_sitemap_priority":"","_sitemap_frequency":"","footnotes":""},"class_list":["post-6423","page","type-page","status-publish"],"yoast_head":"<!-- This site is optimized with the Yoast SEO plugin v27.3 - https:\/\/yoast.com\/product\/yoast-seo-wordpress\/ -->\n<title>Bavel Procurement ca - Case Studies<\/title>\n<meta name=\"description\" content=\"Casos d&#039;\u00e8xit baVel eProcurement: exemples d&#039;empreses l\u00edders que automatitzen la seva cadena d&#039;aprovisionament a trav\u00e9s de Bavel.\" \/>\n<meta name=\"robots\" content=\"index, follow, max-snippet:-1, max-image-preview:large, max-video-preview:-1\" \/>\n<link rel=\"canonical\" href=\"https:\/\/www.voxelgroup.net\/case-studies\/ca\/bavel-procurement-ca\/\" \/>\n<meta property=\"og:locale\" content=\"es_ES\" \/>\n<meta property=\"og:type\" content=\"article\" \/>\n<meta property=\"og:title\" content=\"Bavel Procurement ca - Case Studies\" \/>\n<meta property=\"og:description\" content=\"Casos d&#039;\u00e8xit baVel eProcurement: exemples d&#039;empreses l\u00edders que automatitzen la seva cadena d&#039;aprovisionament a trav\u00e9s de Bavel.\" \/>\n<meta property=\"og:url\" content=\"https:\/\/www.voxelgroup.net\/case-studies\/ca\/bavel-procurement-ca\/\" \/>\n<meta property=\"og:site_name\" content=\"Case Studies\" \/>\n<meta property=\"article:modified_time\" content=\"2022-08-01T14:58:41+00:00\" \/>\n<meta name=\"twitter:card\" content=\"summary_large_image\" \/>\n<meta name=\"twitter:label1\" content=\"Tiempo de lectura\" \/>\n\t<meta name=\"twitter:data1\" content=\"1 minuto\" \/>\n<script type=\"application\/ld+json\" class=\"yoast-schema-graph\">{\"@context\":\"https:\\\/\\\/schema.org\",\"@graph\":[{\"@type\":\"WebPage\",\"@id\":\"https:\\\/\\\/www.voxelgroup.net\\\/case-studies\\\/ca\\\/bavel-procurement-ca\\\/\",\"url\":\"https:\\\/\\\/www.voxelgroup.net\\\/case-studies\\\/ca\\\/bavel-procurement-ca\\\/\",\"name\":\"Bavel Procurement ca - Case Studies\",\"isPartOf\":{\"@id\":\"https:\\\/\\\/www.voxelgroup.net\\\/case-studies\\\/#website\"},\"datePublished\":\"2020-07-08T07:30:23+00:00\",\"dateModified\":\"2022-08-01T14:58:41+00:00\",\"description\":\"Casos d'\u00e8xit baVel eProcurement: exemples d'empreses l\u00edders que automatitzen la seva cadena d'aprovisionament a trav\u00e9s de Bavel.\",\"breadcrumb\":{\"@id\":\"https:\\\/\\\/www.voxelgroup.net\\\/case-studies\\\/ca\\\/bavel-procurement-ca\\\/#breadcrumb\"},\"inLanguage\":\"es\",\"potentialAction\":[{\"@type\":\"ReadAction\",\"target\":[\"https:\\\/\\\/www.voxelgroup.net\\\/case-studies\\\/ca\\\/bavel-procurement-ca\\\/\"]}]},{\"@type\":\"BreadcrumbList\",\"@id\":\"https:\\\/\\\/www.voxelgroup.net\\\/case-studies\\\/ca\\\/bavel-procurement-ca\\\/#breadcrumb\",\"itemListElement\":[{\"@type\":\"ListItem\",\"position\":1,\"name\":\"Portada\",\"item\":\"https:\\\/\\\/www.voxelgroup.net\\\/case-studies\\\/\"},{\"@type\":\"ListItem\",\"position\":2,\"name\":\"Bavel Procurement ca\"}]},{\"@type\":\"WebSite\",\"@id\":\"https:\\\/\\\/www.voxelgroup.net\\\/case-studies\\\/#website\",\"url\":\"https:\\\/\\\/www.voxelgroup.net\\\/case-studies\\\/\",\"name\":\"Case Studies\",\"description\":\"\",\"potentialAction\":[{\"@type\":\"SearchAction\",\"target\":{\"@type\":\"EntryPoint\",\"urlTemplate\":\"https:\\\/\\\/www.voxelgroup.net\\\/case-studies\\\/?s={search_term_string}\"},\"query-input\":{\"@type\":\"PropertyValueSpecification\",\"valueRequired\":true,\"valueName\":\"search_term_string\"}}],\"inLanguage\":\"es\"}]}<\/script>\n<!-- \/ Yoast SEO plugin. -->","yoast_head_json":{"title":"Bavel Procurement ca - Case Studies","description":"Casos d'\u00e8xit baVel eProcurement: exemples d'empreses l\u00edders que automatitzen la seva cadena d'aprovisionament a trav\u00e9s de Bavel.","robots":{"index":"index","follow":"follow","max-snippet":"max-snippet:-1","max-image-preview":"max-image-preview:large","max-video-preview":"max-video-preview:-1"},"canonical":"https:\/\/www.voxelgroup.net\/case-studies\/ca\/bavel-procurement-ca\/","og_locale":"es_ES","og_type":"article","og_title":"Bavel Procurement ca - Case Studies","og_description":"Casos d'\u00e8xit baVel eProcurement: exemples d'empreses l\u00edders que automatitzen la seva cadena d'aprovisionament a trav\u00e9s de Bavel.","og_url":"https:\/\/www.voxelgroup.net\/case-studies\/ca\/bavel-procurement-ca\/","og_site_name":"Case Studies","article_modified_time":"2022-08-01T14:58:41+00:00","twitter_card":"summary_large_image","twitter_misc":{"Tiempo de lectura":"1 minuto"},"schema":{"@context":"https:\/\/schema.org","@graph":[{"@type":"WebPage","@id":"https:\/\/www.voxelgroup.net\/case-studies\/ca\/bavel-procurement-ca\/","url":"https:\/\/www.voxelgroup.net\/case-studies\/ca\/bavel-procurement-ca\/","name":"Bavel Procurement ca - Case Studies","isPartOf":{"@id":"https:\/\/www.voxelgroup.net\/case-studies\/#website"},"datePublished":"2020-07-08T07:30:23+00:00","dateModified":"2022-08-01T14:58:41+00:00","description":"Casos d'\u00e8xit baVel eProcurement: exemples d'empreses l\u00edders que automatitzen la seva cadena d'aprovisionament a trav\u00e9s de Bavel.","breadcrumb":{"@id":"https:\/\/www.voxelgroup.net\/case-studies\/ca\/bavel-procurement-ca\/#breadcrumb"},"inLanguage":"es","potentialAction":[{"@type":"ReadAction","target":["https:\/\/www.voxelgroup.net\/case-studies\/ca\/bavel-procurement-ca\/"]}]},{"@type":"BreadcrumbList","@id":"https:\/\/www.voxelgroup.net\/case-studies\/ca\/bavel-procurement-ca\/#breadcrumb","itemListElement":[{"@type":"ListItem","position":1,"name":"Portada","item":"https:\/\/www.voxelgroup.net\/case-studies\/"},{"@type":"ListItem","position":2,"name":"Bavel Procurement ca"}]},{"@type":"WebSite","@id":"https:\/\/www.voxelgroup.net\/case-studies\/#website","url":"https:\/\/www.voxelgroup.net\/case-studies\/","name":"Case Studies","description":"","potentialAction":[{"@type":"SearchAction","target":{"@type":"EntryPoint","urlTemplate":"https:\/\/www.voxelgroup.net\/case-studies\/?s={search_term_string}"},"query-input":{"@type":"PropertyValueSpecification","valueRequired":true,"valueName":"search_term_string"}}],"inLanguage":"es"}]}},"_links":{"self":[{"href":"https:\/\/www.voxelgroup.net\/case-studies\/wp-json\/wp\/v2\/pages\/6423","targetHints":{"allow":["GET"]}}],"collection":[{"href":"https:\/\/www.voxelgroup.net\/case-studies\/wp-json\/wp\/v2\/pages"}],"about":[{"href":"https:\/\/www.voxelgroup.net\/case-studies\/wp-json\/wp\/v2\/types\/page"}],"author":[{"embeddable":true,"href":"https:\/\/www.voxelgroup.net\/case-studies\/wp-json\/wp\/v2\/users\/1"}],"replies":[{"embeddable":true,"href":"https:\/\/www.voxelgroup.net\/case-studies\/wp-json\/wp\/v2\/comments?post=6423"}],"version-history":[{"count":0,"href":"https:\/\/www.voxelgroup.net\/case-studies\/wp-json\/wp\/v2\/pages\/6423\/revisions"}],"wp:attachment":[{"href":"https:\/\/www.voxelgroup.net\/case-studies\/wp-json\/wp\/v2\/media?parent=6423"}],"curies":[{"name":"wp","href":"https:\/\/api.w.org\/{rel}","templated":true}]}}