{"id":6590,"date":"2020-07-10T07:43:05","date_gmt":"2020-07-10T07:43:05","guid":{"rendered":"https:\/\/www.voxelgroup.net\/case-studies\/?page_id=6590"},"modified":"2022-08-02T07:52:00","modified_gmt":"2022-08-02T07:52:00","slug":"bavel-retail","status":"publish","type":"page","link":"https:\/\/www.voxelgroup.net\/case-studies\/bavel-retail\/","title":{"rendered":"Bavel Retail"},"content":{"rendered":"\t\t<div data-elementor-type=\"wp-page\" data-elementor-id=\"6590\" class=\"elementor elementor-6590\">\n\t\t\t\t\t\t<section class=\"elementor-section elementor-top-section elementor-element elementor-element-49f9841e elementor-section-full_width elementor-section-height-default elementor-section-height-default\" data-id=\"49f9841e\" data-element_type=\"section\" data-e-type=\"section\" id=\"retail\" data-settings=\"{&quot;background_background&quot;:&quot;classic&quot;}\">\n\t\t\t\t\t\t<div class=\"elementor-container elementor-column-gap-default\">\n\t\t\t\t\t<div class=\"elementor-column elementor-col-100 elementor-top-column elementor-element elementor-element-4c3b2b62\" data-id=\"4c3b2b62\" data-element_type=\"column\" data-e-type=\"column\">\n\t\t\t<div class=\"elementor-widget-wrap elementor-element-populated\">\n\t\t\t\t\t\t<div class=\"elementor-element elementor-element-3112ae75 title-copy elementor-widget elementor-widget-heading\" data-id=\"3112ae75\" data-element_type=\"widget\" data-e-type=\"widget\" data-widget_type=\"heading.default\">\n\t\t\t\t<div class=\"elementor-widget-container\">\n\t\t\t\t\t<h1 class=\"elementor-heading-title elementor-size-default\">Casos de \u00e9xito Bavel Retail<\/h1>\t\t\t\t<\/div>\n\t\t\t\t<\/div>\n\t\t\t\t<div class=\"elementor-element elementor-element-2c13c8a1 subtitle-header elementor-widget elementor-widget-heading\" data-id=\"2c13c8a1\" data-element_type=\"widget\" data-e-type=\"widget\" data-widget_type=\"heading.default\">\n\t\t\t\t<div class=\"elementor-widget-container\">\n\t\t\t\t\t<h2 class=\"elementor-heading-title elementor-size-default\">Digitalizaci\u00f3n y automatizaci\u00f3n de los procesos de back-office en empresas l\u00edderes del Caribe<\/h2>\t\t\t\t<\/div>\n\t\t\t\t<\/div>\n\t\t\t\t\t<\/div>\n\t\t<\/div>\n\t\t\t\t\t<\/div>\n\t\t<\/section>\n\t\t\t\t<section class=\"elementor-section elementor-top-section elementor-element elementor-element-1b134b09 elementor-section-stretched elementor-section-boxed elementor-section-height-default elementor-section-height-default\" data-id=\"1b134b09\" data-element_type=\"section\" data-e-type=\"section\" data-settings=\"{&quot;stretch_section&quot;:&quot;section-stretched&quot;}\">\n\t\t\t\t\t\t<div class=\"elementor-container elementor-column-gap-default\">\n\t\t\t\t\t<div class=\"elementor-column elementor-col-100 elementor-top-column elementor-element elementor-element-5b8f0a60\" data-id=\"5b8f0a60\" data-element_type=\"column\" data-e-type=\"column\">\n\t\t\t<div class=\"elementor-widget-wrap elementor-element-populated\">\n\t\t\t\t\t\t<div class=\"elementor-element elementor-element-c2aa091 elementor-widget elementor-widget-html\" data-id=\"c2aa091\" data-element_type=\"widget\" data-e-type=\"widget\" data-widget_type=\"html.default\">\n\t\t\t\t<div class=\"elementor-widget-container\">\n\t\t\t\t\t<style>.wp-show-posts-columns#wpsp-6594 {margin-left: -2em; }.wp-show-posts-columns#wpsp-6594 .wp-show-posts-inner {margin: 0 0 2em 2em; }<\/style><section id=\"wpsp-6594\" class=\" wp-show-posts\" style=\"\"><p>Lo siento, no se han encontrado publicaciones.<\/p>\n<\/section><!-- .wp-show-posts -->\t\t\t\t<\/div>\n\t\t\t\t<\/div>\n\t\t\t\t\t<\/div>\n\t\t<\/div>\n\t\t\t\t\t<\/div>\n\t\t<\/section>\n\t\t\t\t<section class=\"elementor-section elementor-top-section elementor-element elementor-element-711ce8d elementor-section-boxed elementor-section-height-default elementor-section-height-default\" data-id=\"711ce8d\" data-element_type=\"section\" data-e-type=\"section\" data-settings=\"{&quot;background_background&quot;:&quot;classic&quot;}\">\n\t\t\t\t\t\t<div class=\"elementor-container elementor-column-gap-default\">\n\t\t\t\t\t<div class=\"elementor-column elementor-col-100 elementor-top-column elementor-element elementor-element-c4dca1a\" data-id=\"c4dca1a\" data-element_type=\"column\" data-e-type=\"column\">\n\t\t\t<div class=\"elementor-widget-wrap elementor-element-populated\">\n\t\t\t\t\t\t<div class=\"elementor-element elementor-element-3106c2d elementor-widget elementor-widget-heading\" data-id=\"3106c2d\" data-element_type=\"widget\" data-e-type=\"widget\" data-widget_type=\"heading.default\">\n\t\t\t\t<div class=\"elementor-widget-container\">\n\t\t\t\t\t<h2 class=\"elementor-heading-title elementor-size-default\">Ver otros casos de \u00e9xito<\/h2>\t\t\t\t<\/div>\n\t\t\t\t<\/div>\n\t\t\t\t\t<\/div>\n\t\t<\/div>\n\t\t\t\t\t<\/div>\n\t\t<\/section>\n\t\t\t\t<section class=\"elementor-section elementor-top-section elementor-element elementor-element-6777459 elementor-section-boxed elementor-section-height-default elementor-section-height-default\" data-id=\"6777459\" data-element_type=\"section\" data-e-type=\"section\" data-settings=\"{&quot;background_background&quot;:&quot;classic&quot;}\">\n\t\t\t\t\t\t<div class=\"elementor-container elementor-column-gap-default\">\n\t\t\t\t\t<div class=\"elementor-column elementor-col-100 elementor-top-column elementor-element elementor-element-633ce1f\" data-id=\"633ce1f\" data-element_type=\"column\" data-e-type=\"column\">\n\t\t\t<div class=\"elementor-widget-wrap elementor-element-populated\">\n\t\t\t\t\t\t<div class=\"elementor-element elementor-element-89a7195 elementor-widget elementor-widget-shortcode\" data-id=\"89a7195\" data-element_type=\"widget\" data-e-type=\"widget\" data-widget_type=\"shortcode.default\">\n\t\t\t\t<div class=\"elementor-widget-container\">\n\t\t\t\t\t\t\t<div class=\"elementor-shortcode\"><li class='cat-item-all'><a href='https:\/\/www.voxelgroup.net\/case-studies\/'>Todos<\/a><\/li>\t<li class=\"cat-item cat-item-2\"><a href=\"https:\/\/www.voxelgroup.net\/case-studies\/turismo\/\">Turismo<\/a>\n<\/li>\n\t<li class=\"cat-item cat-item-59\"><a href=\"https:\/\/www.voxelgroup.net\/case-studies\/en\/travel-en\/\">Travel<\/a>\n<\/li>\n\t<li class=\"cat-item cat-item-61\"><a href=\"https:\/\/www.voxelgroup.net\/case-studies\/ca\/turisme-ca\/\">Turisme<\/a>\n<\/li>\n\t<li class=\"cat-item cat-item-55\"><a href=\"https:\/\/www.voxelgroup.net\/case-studies\/horeca\/\">Horeca<\/a>\n<\/li>\n\t<li class=\"cat-item cat-item-64\"><a href=\"https:\/\/www.voxelgroup.net\/case-studies\/en\/food-hospitality\/\">Food &amp; Hospitality<\/a>\n<\/li>\n\t<li class=\"cat-item cat-item-66\"><a href=\"https:\/\/www.voxelgroup.net\/case-studies\/ca\/horeca-ca\/\">Horeca<\/a>\n<\/li>\n\t<li class=\"cat-item cat-item-70\"><a href=\"https:\/\/www.voxelgroup.net\/case-studies\/en\/retail-en\/\">Retail<\/a>\n<\/li>\n\t<li class=\"cat-item cat-item-72\"><a href=\"https:\/\/www.voxelgroup.net\/case-studies\/ca\/retail-ca\/\">Retail<\/a>\n<\/li>\n\t<li class=\"cat-item cat-item-166\"><a href=\"https:\/\/www.voxelgroup.net\/case-studies\/monograficos\/\">Monogr\u00e1ficos<\/a>\n<\/li>\n\t<li class=\"cat-item cat-item-174\"><a href=\"https:\/\/www.voxelgroup.net\/case-studies\/en\/whitepapers\/\">Whitepapers<\/a>\n<\/li>\n\t<li class=\"cat-item cat-item-194\"><a href=\"https:\/\/www.voxelgroup.net\/case-studies\/fr\/facture-electronique\/\">facture \u00e9lectronique<\/a>\n<\/li>\n<\/div>\n\t\t\t\t\t\t<\/div>\n\t\t\t\t<\/div>\n\t\t\t\t\t<\/div>\n\t\t<\/div>\n\t\t\t\t\t<\/div>\n\t\t<\/section>\n\t\t\t\t<\/div>\n\t\t","protected":false},"excerpt":{"rendered":"<p>Casos de \u00e9xito Bavel Retail Digitalizaci\u00f3n y automatizaci\u00f3n de los procesos de back-office en empresas l\u00edderes del Caribe Ver otros casos de \u00e9xito<\/p>\n","protected":false},"author":1,"featured_media":0,"parent":0,"menu_order":0,"comment_status":"closed","ping_status":"closed","template":"elementor_header_footer","meta":{"_sitemap_exclude":false,"_sitemap_priority":"","_sitemap_frequency":"","footnotes":""},"class_list":["post-6590","page","type-page","status-publish"],"yoast_head":"<!-- This site is optimized with the Yoast SEO plugin v27.4 - https:\/\/yoast.com\/product\/yoast-seo-wordpress\/ -->\n<title>Bavel Retail - Case Studies<\/title>\n<meta name=\"description\" content=\"Descubre los casos de \u00e9xito Bavel Retail: digitalizaci\u00f3n y la automtatizaci\u00f3n de los procesos de facturaci\u00f3n de empresas l\u00edderes en el Caribe\" \/>\n<meta name=\"robots\" content=\"index, follow, max-snippet:-1, max-image-preview:large, max-video-preview:-1\" \/>\n<link rel=\"canonical\" href=\"https:\/\/www.voxelgroup.net\/case-studies\/bavel-retail\/\" \/>\n<meta property=\"og:locale\" content=\"es_ES\" \/>\n<meta property=\"og:type\" content=\"article\" \/>\n<meta property=\"og:title\" content=\"Bavel Retail - Case Studies\" \/>\n<meta property=\"og:description\" content=\"Descubre los casos de \u00e9xito Bavel Retail: digitalizaci\u00f3n y la automtatizaci\u00f3n de los procesos de facturaci\u00f3n de empresas l\u00edderes en el Caribe\" \/>\n<meta property=\"og:url\" content=\"https:\/\/www.voxelgroup.net\/case-studies\/bavel-retail\/\" \/>\n<meta property=\"og:site_name\" content=\"Case Studies\" \/>\n<meta property=\"article:modified_time\" content=\"2022-08-02T07:52:00+00:00\" \/>\n<meta name=\"twitter:card\" content=\"summary_large_image\" \/>\n<meta name=\"twitter:label1\" content=\"Tiempo de lectura\" \/>\n\t<meta name=\"twitter:data1\" content=\"1 minuto\" \/>\n<script type=\"application\/ld+json\" class=\"yoast-schema-graph\">{\"@context\":\"https:\\\/\\\/schema.org\",\"@graph\":[{\"@type\":\"WebPage\",\"@id\":\"https:\\\/\\\/www.voxelgroup.net\\\/case-studies\\\/bavel-retail\\\/\",\"url\":\"https:\\\/\\\/www.voxelgroup.net\\\/case-studies\\\/bavel-retail\\\/\",\"name\":\"Bavel Retail - Case Studies\",\"isPartOf\":{\"@id\":\"https:\\\/\\\/www.voxelgroup.net\\\/case-studies\\\/#website\"},\"datePublished\":\"2020-07-10T07:43:05+00:00\",\"dateModified\":\"2022-08-02T07:52:00+00:00\",\"description\":\"Descubre los casos de \u00e9xito Bavel Retail: digitalizaci\u00f3n y la automtatizaci\u00f3n de los procesos de facturaci\u00f3n de empresas l\u00edderes en el Caribe\",\"breadcrumb\":{\"@id\":\"https:\\\/\\\/www.voxelgroup.net\\\/case-studies\\\/bavel-retail\\\/#breadcrumb\"},\"inLanguage\":\"es\",\"potentialAction\":[{\"@type\":\"ReadAction\",\"target\":[\"https:\\\/\\\/www.voxelgroup.net\\\/case-studies\\\/bavel-retail\\\/\"]}]},{\"@type\":\"BreadcrumbList\",\"@id\":\"https:\\\/\\\/www.voxelgroup.net\\\/case-studies\\\/bavel-retail\\\/#breadcrumb\",\"itemListElement\":[{\"@type\":\"ListItem\",\"position\":1,\"name\":\"Portada\",\"item\":\"https:\\\/\\\/www.voxelgroup.net\\\/case-studies\\\/\"},{\"@type\":\"ListItem\",\"position\":2,\"name\":\"Bavel Retail\"}]},{\"@type\":\"WebSite\",\"@id\":\"https:\\\/\\\/www.voxelgroup.net\\\/case-studies\\\/#website\",\"url\":\"https:\\\/\\\/www.voxelgroup.net\\\/case-studies\\\/\",\"name\":\"Case Studies\",\"description\":\"\",\"potentialAction\":[{\"@type\":\"SearchAction\",\"target\":{\"@type\":\"EntryPoint\",\"urlTemplate\":\"https:\\\/\\\/www.voxelgroup.net\\\/case-studies\\\/?s={search_term_string}\"},\"query-input\":{\"@type\":\"PropertyValueSpecification\",\"valueRequired\":true,\"valueName\":\"search_term_string\"}}],\"inLanguage\":\"es\"}]}<\/script>\n<!-- \/ Yoast SEO plugin. -->","yoast_head_json":{"title":"Bavel Retail - Case Studies","description":"Descubre los casos de \u00e9xito Bavel Retail: digitalizaci\u00f3n y la automtatizaci\u00f3n de los procesos de facturaci\u00f3n de empresas l\u00edderes en el Caribe","robots":{"index":"index","follow":"follow","max-snippet":"max-snippet:-1","max-image-preview":"max-image-preview:large","max-video-preview":"max-video-preview:-1"},"canonical":"https:\/\/www.voxelgroup.net\/case-studies\/bavel-retail\/","og_locale":"es_ES","og_type":"article","og_title":"Bavel Retail - Case Studies","og_description":"Descubre los casos de \u00e9xito Bavel Retail: digitalizaci\u00f3n y la automtatizaci\u00f3n de los procesos de facturaci\u00f3n de empresas l\u00edderes en el Caribe","og_url":"https:\/\/www.voxelgroup.net\/case-studies\/bavel-retail\/","og_site_name":"Case Studies","article_modified_time":"2022-08-02T07:52:00+00:00","twitter_card":"summary_large_image","twitter_misc":{"Tiempo de lectura":"1 minuto"},"schema":{"@context":"https:\/\/schema.org","@graph":[{"@type":"WebPage","@id":"https:\/\/www.voxelgroup.net\/case-studies\/bavel-retail\/","url":"https:\/\/www.voxelgroup.net\/case-studies\/bavel-retail\/","name":"Bavel Retail - Case Studies","isPartOf":{"@id":"https:\/\/www.voxelgroup.net\/case-studies\/#website"},"datePublished":"2020-07-10T07:43:05+00:00","dateModified":"2022-08-02T07:52:00+00:00","description":"Descubre los casos de \u00e9xito Bavel Retail: digitalizaci\u00f3n y la automtatizaci\u00f3n de los procesos de facturaci\u00f3n de empresas l\u00edderes en el Caribe","breadcrumb":{"@id":"https:\/\/www.voxelgroup.net\/case-studies\/bavel-retail\/#breadcrumb"},"inLanguage":"es","potentialAction":[{"@type":"ReadAction","target":["https:\/\/www.voxelgroup.net\/case-studies\/bavel-retail\/"]}]},{"@type":"BreadcrumbList","@id":"https:\/\/www.voxelgroup.net\/case-studies\/bavel-retail\/#breadcrumb","itemListElement":[{"@type":"ListItem","position":1,"name":"Portada","item":"https:\/\/www.voxelgroup.net\/case-studies\/"},{"@type":"ListItem","position":2,"name":"Bavel Retail"}]},{"@type":"WebSite","@id":"https:\/\/www.voxelgroup.net\/case-studies\/#website","url":"https:\/\/www.voxelgroup.net\/case-studies\/","name":"Case Studies","description":"","potentialAction":[{"@type":"SearchAction","target":{"@type":"EntryPoint","urlTemplate":"https:\/\/www.voxelgroup.net\/case-studies\/?s={search_term_string}"},"query-input":{"@type":"PropertyValueSpecification","valueRequired":true,"valueName":"search_term_string"}}],"inLanguage":"es"}]}},"_links":{"self":[{"href":"https:\/\/www.voxelgroup.net\/case-studies\/wp-json\/wp\/v2\/pages\/6590","targetHints":{"allow":["GET"]}}],"collection":[{"href":"https:\/\/www.voxelgroup.net\/case-studies\/wp-json\/wp\/v2\/pages"}],"about":[{"href":"https:\/\/www.voxelgroup.net\/case-studies\/wp-json\/wp\/v2\/types\/page"}],"author":[{"embeddable":true,"href":"https:\/\/www.voxelgroup.net\/case-studies\/wp-json\/wp\/v2\/users\/1"}],"replies":[{"embeddable":true,"href":"https:\/\/www.voxelgroup.net\/case-studies\/wp-json\/wp\/v2\/comments?post=6590"}],"version-history":[{"count":0,"href":"https:\/\/www.voxelgroup.net\/case-studies\/wp-json\/wp\/v2\/pages\/6590\/revisions"}],"wp:attachment":[{"href":"https:\/\/www.voxelgroup.net\/case-studies\/wp-json\/wp\/v2\/media?parent=6590"}],"curies":[{"name":"wp","href":"https:\/\/api.w.org\/{rel}","templated":true}]}}